{"id":2128,"date":"2019-12-22T17:48:32","date_gmt":"2019-12-22T16:48:32","guid":{"rendered":"https:\/\/soudinox-dz.com\/lab\/?page_id=2128"},"modified":"2024-10-15T15:08:29","modified_gmt":"2024-10-15T14:08:29","slug":"accueil","status":"publish","type":"page","link":"https:\/\/soudinox-dz.com\/lab\/","title":{"rendered":"ACCUEIL"},"content":{"rendered":"<div class=\"wpb-content-wrapper\">[vc_row full_width=&#8221;stretch_row_content_no_spaces&#8221; css=&#8221;.vc_custom_1673217358439{margin-top: -40px !important;}&#8221;][vc_column css=&#8221;.vc_custom_1540281434209{padding-top: 0px !important;}&#8221;][wgl_spacing spacer_size=&#8221;105px&#8221;][\/vc_column][\/vc_row][vc_row full_width=&#8221;stretch_row&#8221; equal_height=&#8221;yes&#8221; content_placement=&#8221;middle&#8221; bg_type=&#8221;image&#8221; parallax_style=&#8221;vcpb-vz-jquery&#8221; bg_image_new=&#8221;id^3740|url^https:\/\/soudinox-dz.com\/lab\/wp-content\/uploads\/2024\/10\/mad-group-4.jpg|caption^null|alt^null|title^mad-group- (4)|description^null&#8221; parallax_sense=&#8221;50&#8243; parallax_content=&#8221;parallax_content_value&#8221; parallax_content_sense=&#8221;50&#8243;][vc_column offset=&#8221;vc_col-md-5&#8243; el_id=&#8221;titre-sarl&#8221; css=&#8221;.vc_custom_1728996584321{background-position: 0 0 !important;background-repeat: no-repeat !important;}&#8221;][wgl_spacing spacer_size=&#8221;30px&#8221;][vc_column_text css=&#8221;.vc_custom_1728997615122{background-image: url(https:\/\/soudinox-dz.com\/lab\/wp-content\/uploads\/2024\/10\/kusak.png?id=3742) !important;background-position: center !important;background-repeat: no-repeat !important;background-size: contain !important;}&#8221; el_class=&#8221;titre1&#8243;]\n<div id=\"titre1\">\n<h4 style=\"text-align: center;\"><b><i>Bienvenues chez<\/i><\/b><\/h4>\n<h1 style=\"text-align: center;\"><b>MAD GROUP<\/b><\/h1>\n<\/div>\n[\/vc_column_text][wgl_spacing spacer_size=&#8221;100px&#8221;][\/vc_column][vc_column offset=&#8221;vc_col-md-offset-1 vc_col-md-6&#8243; css=&#8221;.vc_custom_1539853054854{background-position: center !important;background-repeat: no-repeat !important;background-size: cover !important;}&#8221;][\/vc_column][\/vc_row][vc_row css=&#8221;.vc_custom_1539606550856{margin-top: -40px !important;}&#8221; el_class=&#8221;add_wave_rev_slider&#8221;][vc_column][wgl_spacing spacer_size=&#8221;95px&#8221;][\/vc_column][\/vc_row][vc_row full_width=&#8221;stretch_row&#8221;][vc_column][vc_column_text css=&#8221;.vc_custom_1728998993285{background-image: url(https:\/\/soudinox-dz.com\/lab\/wp-content\/uploads\/2024\/10\/kusak.png?id=3742) !important;background-position: center !important;background-repeat: no-repeat !important;background-size: contain !important;}&#8221;]\n<div id=\"titre1\">\n<h3>ABOUT US<\/h3>\n<p>Driven mainly by the confidence of its clients and devotion of its employees, MAD GROUP continues its growth with increasing clients and its raw material portfolio. Adopting customer satisfaction as main principle,<br \/>\nIt uses the logistic advantages of Turkey\u2019s geographical position efficiently and it is the distributor of many distinguished petrochemical companies in the neighbouring countries in order to conduct the supply of goods to its business partners in the quickest way possible.<\/p>\n<\/div>\n<div id=\"gtx-trans\" style=\"position: absolute; left: 376px; top: 41px;\">\n<div class=\"gtx-trans-icon\"><\/div>\n<\/div>\n[\/vc_column_text][\/vc_column][\/vc_row][vc_row][vc_column][wgl_spacing spacer_size=&#8221;150px&#8221; responsive_desktop=&#8221;true&#8221; size_desktops=&#8221;150&#8243; responsive_tablet=&#8221;true&#8221; size_tablet=&#8221;150&#8243; responsive_mobile=&#8221;true&#8221; size_mobile=&#8221;80&#8243;][wgl_double_headings align=&#8221;center&#8221; title_color=&#8221;#232323&#8243; subtitle_color=&#8221;#1c2c6a&#8221; bgtitle_color=&#8221;#f3f3f3&#8243; title=&#8221;GAMMES DE PRODUITS&#8221; subtitle=&#8221;`{`Domaines d&#8217;application`}`&#8221; bg_responsive_font=&#8221;true&#8221; bg_font_size_mobile=&#8221;50&#8243;][wgl_spacing spacer_size=&#8221;18px&#8221;][vc_row_inner][vc_column_inner offset=&#8221;vc_col-lg-offset-3 vc_col-lg-6 vc_col-md-offset-2 vc_col-md-8&#8243;][vc_column_text]\n<p style=\"text-align: center;\">ENIMPRESS vous propose une multitudes de produits \u00e0 savoir:<\/p>\n<p style=\"text-align: center;\"><strong>Encre gras<\/strong>\u00a0(Offset \u2013 Roto \u2013 Typo )<br \/>\n<strong>Encre \u00e0 L\u2019eau<\/strong>\u00a0(Flexo)<\/p>\n[\/vc_column_text][\/vc_column_inner][\/vc_row_inner][wgl_spacing spacer_size=&#8221;30px&#8221;][\/vc_column][\/vc_row][vc_row el_class=&#8221;flip_flop&#8221; el_id=&#8221;id-01&#8243;][vc_column width=&#8221;1\/2&#8243; offset=&#8221;vc_col-md-4&#8243;][wgl_flip_box fb_dir=&#8221;flip_left&#8221; front_bg_style=&#8221;front_image&#8221; back_bg_color=&#8221;#f21de0&#8243; front_bg_image=&#8221;3699&#8243; extra_class=&#8221;flip1&#8243; back_logo_image=&#8221;3633&#8243;][wgl_spacing spacer_size=&#8221;10px&#8221;][vc_column_text]\n<h6 style=\"text-align: center;\"><strong>Fabrication de l\u2019encre industrielle destin\u00e9e aux imprimeries\u00a0<\/strong><\/h6>\n[\/vc_column_text][\/vc_column][vc_column width=&#8221;1\/2&#8243; offset=&#8221;vc_col-md-4&#8243;][wgl_flip_box fb_dir=&#8221;flip_bottom&#8221; front_bg_style=&#8221;front_image&#8221; back_bg_color=&#8221;#0f9ce2&#8243; front_bg_image=&#8221;3701&#8243; extra_class=&#8221;flip2&#8243; back_logo_image=&#8221;3633&#8243;][wgl_spacing spacer_size=&#8221;10px&#8221;][vc_column_text]\n<h6 style=\"text-align: center;\"><strong>Vente et <\/strong><strong>commercialisation <\/strong><strong>de l&#8217;encre\u00a0<\/strong><b>industrielle<\/b><\/h6>\n[\/vc_column_text][\/vc_column][vc_column width=&#8221;1\/2&#8243; offset=&#8221;vc_col-md-offset-0 vc_col-md-4 vc_col-sm-offset-3&#8243;][wgl_flip_box fb_dir=&#8221;flip_left&#8221; front_bg_style=&#8221;front_image&#8221; back_bg_color=&#8221;#f48b02&#8243; front_bg_image=&#8221;3700&#8243; extra_class=&#8221;flip3&#8243; back_logo_image=&#8221;3633&#8243;][wgl_spacing spacer_size=&#8221;10px&#8221;][vc_column_text]\n<h6 style=\"text-align: center;\"><strong>Conseils et suivis\u00a0<\/strong><\/h6>\n[\/vc_column_text][\/vc_column][\/vc_row][vc_row][vc_column][wgl_spacing spacer_size=&#8221;55&#8243;][\/vc_column][\/vc_row][vc_row full_width=&#8221;stretch_row_content_no_spaces&#8221; parallax=&#8221;content-moving&#8221; parallax_image=&#8221;3705&#8243; css=&#8221;.vc_custom_1687620841261{margin-top: 5% !important;margin-bottom: 5% !important;}&#8221; el_id=&#8221;renseignements&#8221;][vc_column width=&#8221;1\/2&#8243; css=&#8221;.vc_custom_1572537044916{margin-left: 25% !important;padding-top: 3% !important;padding-bottom: 3% !important;}&#8221;][vc_column_text css=&#8221;.vc_custom_1673180060875{margin-bottom: -3% !important;}&#8221;]\n<h3 class=\"h3Span1\">Plus de d\u00e9tails sur nos <em><strong>PRODUITS<\/strong><\/em>?<\/h3>\n[\/vc_column_text][vc_column_text css=&#8221;.vc_custom_1687621735458{padding-bottom: 3% !important;}&#8221;]\n<h3 class=\"h3Span2\"><i class=\"fa fa-phone\"><\/i> Appelez-nous sur : <span style=\"text-shadow: 3px -7px 4px #33333370; color: #fff; font-size: 0.92em;\">0661.51.41.59\/60 | 0559.57.90.90<br \/>\n<\/span><\/h3>\n[\/vc_column_text][\/vc_column][vc_column width=&#8221;1\/2&#8243;][vc_btn title=&#8221;NOUS CONTACTER&#8221; color=&#8221;white&#8221; link=&#8221;url:https%3A%2F%2Fsoudinox-dz.com%2Flab%2Fcontact%2F|title:CONTACT||&#8221;][\/vc_column][\/vc_row][vc_row][vc_column][wgl_spacing spacer_size=&#8221;55&#8243;][\/vc_column][\/vc_row][vc_row full_width=&#8221;stretch_row_content_no_spaces&#8221; bg_type=&#8221;image&#8221; parallax_style=&#8221;vcpb-default&#8221; bg_image_new=&#8221;id^3676|url^https:\/\/soudinox-dz.com\/lab\/wp-content\/uploads\/2023\/06\/enimpress-fdn-7-3-33.png|caption^null|alt^null|title^enimpress-fdn-7-3-33|description^null&#8221; bg_image_repeat=&#8221;no-repeat&#8221; bg_image_size=&#8221;contain&#8221; bg_image_posiiton=&#8221;-10%&#8221; css=&#8221;.vc_custom_1687387196839{padding-right: 7% !important;padding-left: 7% !important;}&#8221;][vc_column offset=&#8221;vc_col-lg-4&#8243;][wgl_double_headings title_weight=&#8221;400&#8243; title_color=&#8221;#232323&#8243; subtitle_color=&#8221;#fd226a&#8221; bgtitle_color=&#8221;#f3f3f3&#8243; title=&#8221;Pourquoi nous choisir?&#8221;][wgl_spacing spacer_size=&#8221;18&#8243;][vc_column_text]\n<blockquote style=\"font-size: 1.1em;\"><p><em>Parce que vos attentes et vos besoins sont uniques, nous r\u00e9alisons les interventions selon vos besoins.<\/em><\/p><\/blockquote>\n[\/vc_column_text][wgl_spacing spacer_size=&#8221;42&#8243;][wgl_spacing spacer_size=&#8221;70px&#8221;][vc_column_text]\n<h5 style=\"text-align: center;\"><a href=\"https:\/\/soudinox-dz.com\/lab\/wp-content\/uploads\/2023\/01\/Offre-de-service-KBB-PROMATECH.pdf\">OFFRE DE SERVICE<\/a><\/h5>\n<p><a href=\"https:\/\/soudinox-dz.com\/lab\/wp-content\/uploads\/2023\/01\/Offre-de-service-KBB-PROMATECH.pdf\"><img loading=\"lazy\" decoding=\"async\" class=\" wp-image-1896 aligncenter\" src=\"https:\/\/soudinox-dz.com\/lab\/wp-content\/uploads\/2020\/08\/soudinox-algerie-pdf.png\" alt=\"\" width=\"133\" height=\"173\" \/><\/a>[\/vc_column_text][\/vc_column][vc_column offset=&#8221;vc_col-lg-8&#8243;][wgl_spacing spacer_size=&#8221;40&#8243;][vc_row_inner][vc_column_inner width=&#8221;1\/2&#8243;][wgl_info_box ib_type=&#8221;tile&#8221; icon_type=&#8221;font&#8221; icon_font_type=&#8221;type_flaticon&#8221; icon_flaticon=&#8221;flaticon-check-1&#8243; add_shadow=&#8221;true&#8221; ib_title=&#8221;Qualit\u00e9&#8221; ib_content=&#8221;Fort de notre exp\u00e9rience cumul\u00e9e de plus de 30 ans dans la production d l&#8217;encre industrielle destin\u00e9e aux imprimeries ,<br \/>\nNotre bureau d\u2019\u00e9tudes vous accompagne continuellement dans vos projets&#8221; custom_icon_color=&#8221;true&#8221; custom_icon_size=&#8221;50&#8243;][wgl_spacing spacer_size=&#8221;10&#8243;][wgl_info_box ib_type=&#8221;tile&#8221; icon_type=&#8221;font&#8221; icon_font_type=&#8221;type_flaticon&#8221; icon_flaticon=&#8221;flaticon-check-1&#8243; add_shadow=&#8221;true&#8221; ib_title=&#8221;D\u00e9veloppement et durabilit\u00e9&#8221; ib_content=&#8221;Notre \u00e9quipe de travail est investie non seulement \u00e0 la qualit\u00e9 des produits, mais aussi pour une meilleure ma\u00eetrise d&#8217;efficacit\u00e9 ainsi que pour une durabilit\u00e9 de nos produits&#8221; custom_icon_color=&#8221;true&#8221; custom_icon_size=&#8221;50&#8243;][\/vc_column_inner][vc_column_inner width=&#8221;1\/2&#8243;][wgl_info_box ib_type=&#8221;tile&#8221; icon_type=&#8221;font&#8221; icon_font_type=&#8221;type_flaticon&#8221; icon_flaticon=&#8221;flaticon-check-1&#8243; add_shadow=&#8221;true&#8221; ib_title=&#8221;Satisfaction des clients&#8221; ib_content=&#8221;Offrir des solutions qui r\u00e9pondent aux attentes de nos clients, par la communication, par notre capacit\u00e9 de r\u00e9agir et par la livraison ponctuelle de produits de haute qualit\u00e9 et de services fiables.&#8221; custom_icon_color=&#8221;true&#8221; custom_icon_size=&#8221;50&#8243;][wgl_spacing spacer_size=&#8221;10&#8243;][wgl_info_box ib_type=&#8221;tile&#8221; icon_type=&#8221;font&#8221; icon_font_type=&#8221;type_flaticon&#8221; icon_flaticon=&#8221;flaticon-check-1&#8243; add_shadow=&#8221;true&#8221; ib_title=&#8221;Exigence&#8221; ib_content=&#8221;d\u2019une grande exp\u00e9rience dans les r\u00e9alisations Industrielles, notre \u00e9quipe vous accompagnent pour tous vos travaux de m\u00e9tallurgie et Chaudronnerie, et la conception m\u00e9tallique Nous sommes tr\u00e8s exigeants sur la qualit\u00e9 de nos travaux et essayons de nous entourer de professionnels&#8221; custom_icon_color=&#8221;true&#8221; custom_icon_size=&#8221;50&#8243;][\/vc_column_inner][\/vc_row_inner][wgl_spacing spacer_size=&#8221;109&#8243;][\/vc_column][\/vc_row][vc_row][vc_column css=&#8221;.vc_custom_1539783183128{padding-top: 0px !important;}&#8221; offset=&#8221;vc_col-md-3&#8243;][wgl_double_headings title_color=&#8221;#232323&#8243; subtitle_color=&#8221;#1c2c6a&#8221; bgtitle_color=&#8221;#f3f3f3&#8243; subtitle=&#8221;`{`R\u00e9f\u00e9rences`}`&#8221; bgtitle=&#8221;R\u00c9F\u00c9RENCES&#8221; bg_responsive_font=&#8221;true&#8221; bg_font_size_mobile=&#8221;60&#8243;][\/vc_column][vc_column css=&#8221;.vc_custom_1539781469729{padding-top: 0px !important;}&#8221; offset=&#8221;vc_col-lg-6 vc_col-md-7&#8243;][wgl_spacing spacer_size=&#8221;25px&#8221; screen_desktops=&#8221;992&#8243; responsive_desktop=&#8221;true&#8221; size_desktops=&#8221;22&#8243;][\/vc_column][vc_column offset=&#8221;vc_col-lg-offset-1 vc_col-md-2&#8243; css=&#8221;.vc_custom_1539781728461{padding-top: 0px !important;}&#8221;][wgl_spacing spacer_size=&#8221;82px&#8221; screen_desktops=&#8221;992&#8243; responsive_desktop=&#8221;true&#8221; size_desktops=&#8221;31&#8243;][wgl_button button_text=&#8221;View All&#8221; align=&#8221;right&#8221; shadow_style=&#8221;on_hover&#8221; customize=&#8221;color&#8221; text_color=&#8221;#313131&#8243; text_color_hover=&#8221;#ffffff&#8221; bg_color=&#8221;#ffffff&#8221; bg_color_hover=&#8221;#7c529c&#8221; border_color=&#8221;#7c529c&#8221; border_color_hover=&#8221;#7c529c&#8221; link=&#8221;url:http%3A%2F%2Fvitreriehachourkarim.com%2Fportfolio%2F|||&#8221;][\/vc_column][\/vc_row][vc_row][vc_column width=&#8221;1\/5&#8243;][vc_single_image image=&#8221;3653&#8243; img_size=&#8221;full&#8221; alignment=&#8221;center&#8221;][\/vc_column][vc_column width=&#8221;1\/5&#8243;][vc_single_image image=&#8221;3659&#8243; img_size=&#8221;full&#8221; alignment=&#8221;center&#8221;][\/vc_column][vc_column width=&#8221;1\/5&#8243;][vc_single_image image=&#8221;3658&#8243; img_size=&#8221;full&#8221; alignment=&#8221;center&#8221;][\/vc_column][vc_column width=&#8221;1\/5&#8243;][vc_single_image image=&#8221;3656&#8243; img_size=&#8221;full&#8221; alignment=&#8221;center&#8221;][\/vc_column][vc_column width=&#8221;1\/5&#8243;][vc_single_image image=&#8221;3655&#8243; img_size=&#8221;full&#8221; alignment=&#8221;center&#8221;][\/vc_column][\/vc_row][vc_row css=&#8221;.vc_custom_1686246057066{margin-right: 15% !important;margin-left: 15% !important;}&#8221;][vc_column width=&#8221;1\/4&#8243;][vc_single_image image=&#8221;3654&#8243; img_size=&#8221;full&#8221; alignment=&#8221;center&#8221;][\/vc_column][vc_column width=&#8221;1\/4&#8243;][vc_single_image image=&#8221;3652&#8243; img_size=&#8221;full&#8221; alignment=&#8221;center&#8221;][\/vc_column][vc_column width=&#8221;1\/4&#8243;][vc_single_image image=&#8221;3651&#8243; img_size=&#8221;full&#8221; alignment=&#8221;center&#8221;][\/vc_column][vc_column width=&#8221;1\/4&#8243;][vc_single_image image=&#8221;3650&#8243; img_size=&#8221;full&#8221; alignment=&#8221;center&#8221;][\/vc_column][\/vc_row][vc_row css=&#8221;.vc_custom_1686246074387{padding-right: 7.5% !important;padding-left: 7.5% !important;}&#8221;][vc_column width=&#8221;1\/5&#8243;][\/vc_column][vc_column width=&#8221;1\/5&#8243;][vc_single_image image=&#8221;3648&#8243; img_size=&#8221;full&#8221; alignment=&#8221;center&#8221;][\/vc_column][vc_column width=&#8221;1\/5&#8243;][vc_single_image image=&#8221;3649&#8243; img_size=&#8221;full&#8221; alignment=&#8221;center&#8221;][\/vc_column][vc_column width=&#8221;1\/5&#8243;][vc_single_image image=&#8221;3647&#8243; img_size=&#8221;full&#8221; alignment=&#8221;center&#8221;][\/vc_column][vc_column width=&#8221;1\/5&#8243;][\/vc_column][\/vc_row][vc_row][vc_column][wgl_spacing spacer_size=&#8221;55px&#8221;][\/vc_column][\/vc_row][vc_row][vc_column width=&#8221;1\/2&#8243;][vc_gmaps link=&#8221;#E-8_JTNDaWZyYW1lJTIwc3JjJTNEJTIyaHR0cHMlM0ElMkYlMkZ3d3cuZ29vZ2xlLmNvbSUyRm1hcHMlMkZlbWJlZCUzRnBiJTNEJTIxMW0xOCUyMTFtMTIlMjExbTMlMjExZDMxOTUuNTk1MTc4NjY3OTMxJTIxMmQzLjI0NTMxMTMxNTI4OTM0NDUlMjEzZDM2Ljc4MDI3Nzg3OTk1MjcxJTIxMm0zJTIxMWYwJTIxMmYwJTIxM2YwJTIxM20yJTIxMWkxMDI0JTIxMmk3NjglMjE0ZjEzLjElMjEzbTMlMjExbTIlMjExczB4MTI4ZTRmOWQ1YjFlYWQyNyUyNTNBMHhlYmQxOTY2ZjUwMGM1ZGRiJTIxMnNFbmltcHJlc3MlMjE1ZTAlMjEzbTIlMjExc2ZyJTIxMnNkeiUyMTR2MTY4NjEzOTU2NTE2NSUyMTVtMiUyMTFzZnIlMjEyc2R6JTIyJTIwd2lkdGglM0QlMjIxMDAlMjUlMjIlMjBoZWlnaHQlM0QlMjI0NTAlMjIlMjBzdHlsZSUzRCUyMmJvcmRlciUzQTAlM0IlMjIlMjBhbGxvd2Z1bGxzY3JlZW4lM0QlMjIlMjIlMjBsb2FkaW5nJTNEJTIybGF6eSUyMiUyMHJlZmVycmVycG9saWN5JTNEJTIybm8tcmVmZXJyZXItd2hlbi1kb3duZ3JhZGUlMjIlM0UlM0MlMkZpZnJhbWUlM0U=&#8221;][\/vc_column][vc_column width=&#8221;1\/2&#8243;][wgl_spacing spacer_size=&#8221;0&#8243; screen_desktops=&#8221;992&#8243; responsive_desktop=&#8221;true&#8221; size_desktops=&#8221;734&#8243;][vc_column_text css=&#8221;.vc_custom_1571572598190{margin-top: 8px !important;}&#8221;]\n<h5 style=\"text-align: center;\"><span style=\"font-weight: 400;\" class=\"custom-weight\">Formulaire de contact<\/span><\/h5>\n[\/vc_column_text][wgl_spacing spacer_size=&#8221;19&#8243;][wgl_divider width=&#8221;40&#8243; height=&#8221;2px&#8221; divider_alignment=&#8221;center&#8221; divider_color=&#8221;#fd226a&#8221; divider_line_color=&#8221;#fd226a&#8221;][wgl_spacing spacer_size=&#8221;24&#8243;][wgl_custom_text font_size=&#8221;14&#8243; line_height=&#8221;24px&#8221;]\n<p style=\"text-align: center;\">N&#8221;h\u00e9sitez pas \u00e0 utiliser le formulaire de contact pour davantage de renseignement.<\/p>\n[\/wgl_custom_text][wgl_spacing spacer_size=&#8221;22px&#8221;]\n<div class=\"wpcf7 no-js\" id=\"wpcf7-f1455-o1\" lang=\"en-US\" dir=\"ltr\">\n<div class=\"screen-reader-response\"><p role=\"status\" aria-live=\"polite\" aria-atomic=\"true\"><\/p> <ul><\/ul><\/div>\n<form action=\"\/lab\/wp-json\/wp\/v2\/pages\/2128#wpcf7-f1455-o1\" method=\"post\" class=\"wpcf7-form init\" aria-label=\"Contact form\" novalidate=\"novalidate\" data-status=\"init\">\n<div style=\"display: none;\">\n<input type=\"hidden\" name=\"_wpcf7\" value=\"1455\" \/>\n<input type=\"hidden\" name=\"_wpcf7_version\" value=\"5.9.8\" \/>\n<input type=\"hidden\" name=\"_wpcf7_locale\" value=\"en_US\" \/>\n<input type=\"hidden\" name=\"_wpcf7_unit_tag\" value=\"wpcf7-f1455-o1\" \/>\n<input type=\"hidden\" name=\"_wpcf7_container_post\" value=\"0\" \/>\n<input type=\"hidden\" name=\"_wpcf7_posted_data_hash\" value=\"\" \/>\n<input type=\"hidden\" name=\"_wpcf7_recaptcha_response\" value=\"\" \/>\n<\/div>\n<div class='row'>\n\t<div class='wgl_col-12'>\n\t\t<p><span class=\"wpcf7-form-control-wrap\" data-name=\"text-759\"><input size=\"40\" maxlength=\"400\" class=\"wpcf7-form-control wpcf7-text\" aria-invalid=\"false\" placeholder=\"Nom &amp; pr\u00e9nom*\" value=\"\" type=\"text\" name=\"text-759\" \/><\/span><i class=\"form-icon flaticon-user\"><\/i>\n\t\t<\/p>\n\t<\/div>\n\t<div class='wgl_col-12'>\n\t\t<p><span class=\"wpcf7-form-control-wrap\" data-name=\"email-613\"><input size=\"40\" maxlength=\"400\" class=\"wpcf7-form-control wpcf7-email wpcf7-text wpcf7-validates-as-email\" aria-invalid=\"false\" placeholder=\"Email*\" value=\"\" type=\"email\" name=\"email-613\" \/><\/span><i class=\"form-icon flaticon-mail\"><\/i>\n\t\t<\/p>\n\t<\/div>\n\t<div class='wgl_col-12'>\n\t\t<p><span class=\"wpcf7-form-control-wrap\" data-name=\"tel-810\"><input size=\"40\" maxlength=\"400\" class=\"wpcf7-form-control wpcf7-tel wpcf7-validates-as-required wpcf7-text wpcf7-validates-as-tel\" aria-required=\"true\" aria-invalid=\"false\" placeholder=\"T\u00e9l\u00e9phone*\" value=\"\" type=\"tel\" name=\"tel-810\" \/><\/span><i class=\"form-icon flaticon-phone\"><\/i>\n\t\t<\/p>\n\t<\/div>\n\t<div class='wgl_col-12'>\n\t\t<p><span class=\"wpcf7-form-control-wrap\" data-name=\"textarea-789\"><textarea cols=\"40\" rows=\"5\" maxlength=\"2000\" class=\"wpcf7-form-control wpcf7-textarea\" aria-invalid=\"false\" placeholder=\"Message\" name=\"textarea-789\"><\/textarea><\/span>\n\t\t<\/p>\n\t<\/div>\n<\/div>\n<p><input class=\"wpcf7-form-control wpcf7-submit has-spinner\" type=\"submit\" value=\"ENVOYER\" \/>\n<\/p><p style=\"display: none !important;\" class=\"akismet-fields-container\" data-prefix=\"_wpcf7_ak_\"><label>&#916;<textarea name=\"_wpcf7_ak_hp_textarea\" cols=\"45\" rows=\"8\" maxlength=\"100\"><\/textarea><\/label><input type=\"hidden\" id=\"ak_js_1\" name=\"_wpcf7_ak_js\" value=\"185\"\/><script>document.getElementById( \"ak_js_1\" ).setAttribute( \"value\", ( new Date() ).getTime() );<\/script><\/p><div class=\"wpcf7-response-output\" aria-hidden=\"true\"><\/div>\n<\/form>\n<\/div>\n[wgl_spacing spacer_size=&#8221;4&#8243;][\/vc_column][\/vc_row]\n<\/div>","protected":false},"excerpt":{"rendered":"<p>[vc_row full_width=&#8221;stretch_row_content_no_spaces&#8221; css=&#8221;.vc_custom_1673217358439{margin-top: -40px !important;}&#8221;][vc_column css=&#8221;.vc_custom_1540281434209{padding-top: 0px !important;}&#8221;][wgl_spacing spacer_size=&#8221;105px&#8221;][\/vc_column][\/vc_row][vc_row full_width=&#8221;stretch_row&#8221; equal_height=&#8221;yes&#8221; content_placement=&#8221;middle&#8221; bg_type=&#8221;image&#8221; parallax_style=&#8221;vcpb-vz-jquery&#8221; bg_image_new=&#8221;id^3740|url^https:\/\/soudinox-dz.com\/lab\/wp-content\/uploads\/2024\/10\/mad-group-4.jpg|caption^null|alt^null|title^mad-group- (4)|description^null&#8221; parallax_sense=&#8221;50&#8243; parallax_content=&#8221;parallax_content_value&#8221; parallax_content_sense=&#8221;50&#8243;][vc_column offset=&#8221;vc_col-md-5&#8243; el_id=&#8221;titre-sarl&#8221; css=&#8221;.vc_custom_1728996584321{background-position: 0 0 !important;background-repeat: no-repeat !important;}&#8221;][wgl_spacing spacer_size=&#8221;30px&#8221;][vc_column_text css=&#8221;.vc_custom_1728997615122{background-image: url(https:\/\/soudinox-dz.com\/lab\/wp-content\/uploads\/2024\/10\/kusak.png?id=3742) !important;background-position: center !important;background-repeat: no-repeat !important;background-size: contain !important;}&#8221; el_class=&#8221;titre1&#8243;] Bienvenues chez MAD GROUP [\/vc_column_text][wgl_spacing spacer_size=&#8221;100px&#8221;][\/vc_column][vc_column offset=&#8221;vc_col-md-offset-1 vc_col-md-6&#8243; css=&#8221;.vc_custom_1539853054854{background-position: center !important;background-repeat: no-repeat !important;background-size: cover !important;}&#8221;][\/vc_column][\/vc_row][vc_row css=&#8221;.vc_custom_1539606550856{margin-top: -40px [&hellip;]<\/p>\n","protected":false},"author":1,"featured_media":0,"parent":0,"menu_order":0,"comment_status":"closed","ping_status":"closed","template":"","meta":{"footnotes":""},"class_list":["post-2128","page","type-page","status-publish","hentry"],"_links":{"self":[{"href":"https:\/\/soudinox-dz.com\/lab\/wp-json\/wp\/v2\/pages\/2128"}],"collection":[{"href":"https:\/\/soudinox-dz.com\/lab\/wp-json\/wp\/v2\/pages"}],"about":[{"href":"https:\/\/soudinox-dz.com\/lab\/wp-json\/wp\/v2\/types\/page"}],"author":[{"embeddable":true,"href":"https:\/\/soudinox-dz.com\/lab\/wp-json\/wp\/v2\/users\/1"}],"replies":[{"embeddable":true,"href":"https:\/\/soudinox-dz.com\/lab\/wp-json\/wp\/v2\/comments?post=2128"}],"version-history":[{"count":195,"href":"https:\/\/soudinox-dz.com\/lab\/wp-json\/wp\/v2\/pages\/2128\/revisions"}],"predecessor-version":[{"id":3681,"href":"https:\/\/soudinox-dz.com\/lab\/wp-json\/wp\/v2\/pages\/2128\/revisions\/3681"}],"wp:attachment":[{"href":"https:\/\/soudinox-dz.com\/lab\/wp-json\/wp\/v2\/media?parent=2128"}],"curies":[{"name":"wp","href":"https:\/\/api.w.org\/{rel}","templated":true}]}}