{"id":3724,"date":"2023-06-25T13:05:13","date_gmt":"2023-06-25T12:05:13","guid":{"rendered":"https:\/\/soudinox-dz.com\/lab\/?page_id=3724"},"modified":"2023-06-25T13:05:13","modified_gmt":"2023-06-25T12:05:13","slug":"a-propos","status":"publish","type":"page","link":"https:\/\/soudinox-dz.com\/lab\/a-propos\/","title":{"rendered":"\u00c0 PROPOS"},"content":{"rendered":"<div class=\"wpb-content-wrapper\">[vc_row full_width=&#8221;stretch_row_content_no_spaces&#8221; css=&#8221;.vc_custom_1673217358439{margin-top: -40px !important;}&#8221;][vc_column css=&#8221;.vc_custom_1540281434209{padding-top: 0px !important;}&#8221;][wgl_spacing spacer_size=&#8221;95px&#8221;][wgl_spacing spacer_size=&#8221;50px&#8221;][\/vc_column][\/vc_row][vc_row equal_height=&#8221;yes&#8221; content_placement=&#8221;middle&#8221;][vc_column offset=&#8221;vc_col-md-5&#8243; el_id=&#8221;titre-sarl&#8221;][wgl_double_headings title_weight=&#8221;400&#8243; title_color=&#8221;#232323&#8243; subtitle_color=&#8221;#1c2c6a&#8221; bgtitle_size=&#8221;85px&#8221; bgtitle_color=&#8221;#f3f3f3&#8243; title=&#8221;ENIMPRESS&#8221; subtitle=&#8221;`{`\u00c0 propos de nous`}`&#8221; bgtitle=&#8221;\u00c0 PROPOS&#8221; responsive_font=&#8221;true&#8221; font_size_mobile=&#8221;36&#8243; bg_responsive_font=&#8221;true&#8221; bg_font_size_mobile=&#8221;75&#8243;][wgl_spacing spacer_size=&#8221;30px&#8221;][vc_column_text]<strong><em>ENIMPRESS<\/em><\/strong> est une soci\u00e9t\u00e9 alg\u00e9rienne \u00e0 responsabilit\u00e9 limit\u00e9e de droit <strong>E.U.R.L<\/strong>, fond\u00e9e en <strong>1990<\/strong> par Monsieur<strong> MSESIBAH Abderaouf<\/strong> et Monsieur <strong>LAHOUEL Lakhder<\/strong><\/p>\n<p>Notre sp\u00e9cialit\u00e9 est la fabrication de l\u2019encre industrielle destin\u00e9s aux imprimeries<\/p>\n<p>Nous proposons une multitudes de produits \u00e0 savoir:<\/p>\n<ul>\n<li>ENCRE GRAS (<strong>Offset &#8211; Roto &#8211; Typo<\/strong> )<\/li>\n<li>ENCRE \u00c0 L\u2019EAU (<strong>Flexo<\/strong>)<\/li>\n<\/ul>\n<p>Forts de notre exp\u00e9rience dans le domaine de l&#8217;imprimerie, <strong><em>ENIMPRESS<\/em><\/strong> vous accompagne continuellement dans vos projets depuis la fourniture de l&#8217;encre, en vous offrant des solutions innovantes, rapides et \u00e9conomiques qui s\u2019adaptent au mieux \u00e0 vos besoins et votre budget.[\/vc_column_text][vc_row_inner][vc_column_inner width=&#8221;1\/2&#8243;][\/vc_column_inner][vc_column_inner width=&#8221;1\/2&#8243;][\/vc_column_inner][\/vc_row_inner][wgl_spacing spacer_size=&#8221;30px&#8221;][wgl_button button_text=&#8221;Lire la suite&#8221; shadow_style=&#8221;on_hover&#8221; customize=&#8221;color&#8221; text_color=&#8221;#313131&#8243; text_color_hover=&#8221;#ffffff&#8221; bg_color=&#8221;#ffffff&#8221; bg_color_hover=&#8221;#7c529c&#8221; border_color=&#8221;#7c529c&#8221; border_color_hover=&#8221;#7c529c&#8221; link=&#8221;url:https%3A%2F%2Fsoudinox-dz.com%2Flab%2Fwp-content%2Fuploads%2F2023%2F01%2FOffre-de-service-KBB-PROMATECH.pdf|title:Lire%20la%20suite||&#8221;][wgl_spacing spacer_size=&#8221;60px&#8221; screen_tablet=&#8221;768&#8243; responsive_tablet=&#8221;true&#8221; size_tablet=&#8221;35&#8243;][\/vc_column][vc_column offset=&#8221;vc_col-md-offset-1 vc_col-md-6&#8243; css=&#8221;.vc_custom_1539853054854{background-position: center !important;background-repeat: no-repeat !important;background-size: cover !important;}&#8221;][vc_single_image image=&#8221;3686&#8243; img_size=&#8221;full&#8221;][\/vc_column][\/vc_row][vc_row css=&#8221;.vc_custom_1539606550856{margin-top: -40px !important;}&#8221; el_class=&#8221;add_wave_rev_slider&#8221;][vc_column][wgl_spacing spacer_size=&#8221;95px&#8221;][\/vc_column][\/vc_row][vc_row el_id=&#8221;compteur&#8221;][vc_column width=&#8221;1\/4&#8243; col_pos_vertical=&#8221;75&#8243; col_pos_horizont=&#8221;75&#8243; css=&#8221;.vc_custom_1576778922913{background-image: url(https:\/\/soudinox-dz.com\/lab\/wp-content\/uploads\/2018\/10\/wave_1.png?id=1008) !important;background-position: 0 0 !important;background-repeat: no-repeat !important;}&#8221; el_id=&#8221;cpt1&#8243;][wgl_counter counter_align=&#8221;center&#8221; icon_type=&#8221;none&#8221; count_title=&#8221;Cat\u00e9gories de produits&#8221; count_value=&#8221;6&#8243;][wgl_spacing spacer_size=&#8221;30px&#8221;][\/vc_column][vc_column width=&#8221;1\/4&#8243; col_pos_vertical=&#8221;45&#8243; col_pos_horizont=&#8221;50&#8243; css=&#8221;.vc_custom_1687616280947{background-image: url(https:\/\/soudinox-dz.com\/lab\/wp-content\/uploads\/2023\/06\/enimpress-imprimerie-encre-gwras-_0008_logo1.png?id=3695) !important;background-position: 0 0 !important;background-repeat: no-repeat !important;}&#8221; el_id=&#8221;m-care&#8221;][wgl_counter counter_align=&#8221;center&#8221; icon_type=&#8221;none&#8221; count_title=&#8221;D\u2019EXP\u00c9RIENCE&#8221; count_value=&#8221;33&#8243; count_suffix=&#8221;ans&#8221; count_prefix=&#8221;+&#8221;][wgl_spacing spacer_size=&#8221;30px&#8221;][\/vc_column][vc_column width=&#8221;1\/4&#8243; col_pos_vertical=&#8221;55&#8243; col_pos_horizont=&#8221;45&#8243; css=&#8221;.vc_custom_1687616260206{background-image: url(https:\/\/soudinox-dz.com\/lab\/wp-content\/uploads\/2023\/06\/enimpress-imprimerie-encre-gwras-_0008_lossgo1.png?id=3697) !important;background-position: 0 0 !important;background-repeat: no-repeat !important;}&#8221; el_id=&#8221;cpt3&#8243;][wgl_counter counter_align=&#8221;center&#8221; icon_type=&#8221;none&#8221; count_title=&#8221;PERSONNEL&#8221; count_value=&#8221;10&#8243; count_prefix=&#8221;+&#8221;][wgl_spacing spacer_size=&#8221;30px&#8221;][\/vc_column][vc_column width=&#8221;1\/4&#8243; col_pos_vertical=&#8221;50&#8243; col_pos_horizont=&#8221;50&#8243; css=&#8221;.vc_custom_1687616300811{background-image: url(https:\/\/soudinox-dz.com\/lab\/wp-content\/uploads\/2023\/06\/enimpress-imprimerie-encre-gwrasqs-_0008_lossgo1.png?id=3696) !important;background-position: 0 0 !important;background-repeat: no-repeat !important;}&#8221; el_id=&#8221;cpt4&#8243;][wgl_counter counter_align=&#8221;center&#8221; icon_type=&#8221;none&#8221; count_title=&#8221;Clients satisfaits&#8221; count_value=&#8221;75&#8243; count_prefix=&#8221;+&#8221;][wgl_spacing spacer_size=&#8221;30px&#8221;][\/vc_column][\/vc_row][vc_row][vc_column][wgl_spacing spacer_size=&#8221;55&#8243;][\/vc_column][\/vc_row][vc_row full_width=&#8221;stretch_row_content_no_spaces&#8221; parallax=&#8221;content-moving&#8221; parallax_image=&#8221;3705&#8243; css=&#8221;.vc_custom_1687620841261{margin-top: 5% !important;margin-bottom: 5% !important;}&#8221; el_id=&#8221;renseignements&#8221;][vc_column width=&#8221;1\/2&#8243; css=&#8221;.vc_custom_1572537044916{margin-left: 25% !important;padding-top: 3% !important;padding-bottom: 3% !important;}&#8221;][vc_column_text css=&#8221;.vc_custom_1673180060875{margin-bottom: -3% !important;}&#8221;]\n<h3 class=\"h3Span1\">Plus de d\u00e9tails sur nos <em><strong>PRODUITS<\/strong><\/em>?<\/h3>\n[\/vc_column_text][vc_column_text css=&#8221;.vc_custom_1687621735458{padding-bottom: 3% !important;}&#8221;]\n<h3 class=\"h3Span2\"><i class=\"fa fa-phone\"><\/i> Appelez-nous sur : <span style=\"text-shadow: 3px -7px 4px #33333370; color: #fff; font-size: 0.92em;\">0661.51.41.59\/60 | 0559.57.90.90<br \/>\n<\/span><\/h3>\n[\/vc_column_text][\/vc_column][vc_column width=&#8221;1\/2&#8243;][vc_btn title=&#8221;NOUS CONTACTER&#8221; color=&#8221;white&#8221; link=&#8221;url:https%3A%2F%2Fsoudinox-dz.com%2Flab%2Fcontact%2F|title:CONTACT||&#8221;][\/vc_column][\/vc_row][vc_row][vc_column][wgl_spacing spacer_size=&#8221;55&#8243;][\/vc_column][\/vc_row][vc_row full_width=&#8221;stretch_row_content_no_spaces&#8221; bg_type=&#8221;image&#8221; parallax_style=&#8221;vcpb-default&#8221; bg_image_new=&#8221;id^3676|url^https:\/\/soudinox-dz.com\/lab\/wp-content\/uploads\/2023\/06\/enimpress-fdn-7-3-33.png|caption^null|alt^null|title^enimpress-fdn-7-3-33|description^null&#8221; bg_image_repeat=&#8221;no-repeat&#8221; bg_image_size=&#8221;contain&#8221; bg_image_posiiton=&#8221;-10%&#8221; css=&#8221;.vc_custom_1687387196839{padding-right: 7% !important;padding-left: 7% !important;}&#8221;][vc_column offset=&#8221;vc_col-lg-4&#8243;][wgl_double_headings title_weight=&#8221;400&#8243; title_color=&#8221;#232323&#8243; subtitle_color=&#8221;#fd226a&#8221; bgtitle_color=&#8221;#f3f3f3&#8243; title=&#8221;Pourquoi nous choisir?&#8221;][wgl_spacing spacer_size=&#8221;18&#8243;][vc_column_text]\n<blockquote style=\"font-size: 1.1em;\">\n<p><em>Parce que vos attentes et vos besoins sont uniques, nous r\u00e9alisons les interventions selon vos besoins.<\/em><\/p>\n<\/blockquote>\n[\/vc_column_text][wgl_spacing spacer_size=&#8221;42&#8243;][wgl_spacing spacer_size=&#8221;70px&#8221;][vc_column_text]\n<h5 style=\"text-align: center;\"><a href=\"https:\/\/soudinox-dz.com\/lab\/wp-content\/uploads\/2023\/01\/Offre-de-service-KBB-PROMATECH.pdf\">OFFRE DE SERVICE<\/a><\/h5>\n<p><a href=\"https:\/\/soudinox-dz.com\/lab\/wp-content\/uploads\/2023\/01\/Offre-de-service-KBB-PROMATECH.pdf\"><img loading=\"lazy\" decoding=\"async\" class=\" wp-image-1896 aligncenter\" src=\"https:\/\/soudinox-dz.com\/lab\/wp-content\/uploads\/2020\/08\/soudinox-algerie-pdf.png\" alt=\"\" width=\"133\" height=\"173\" \/><\/a>[\/vc_column_text][\/vc_column][vc_column offset=&#8221;vc_col-lg-8&#8243;][wgl_spacing spacer_size=&#8221;40&#8243;][vc_row_inner][vc_column_inner width=&#8221;1\/2&#8243;][wgl_info_box ib_type=&#8221;tile&#8221; icon_type=&#8221;font&#8221; icon_font_type=&#8221;type_flaticon&#8221; icon_flaticon=&#8221;flaticon-check-1&#8243; add_shadow=&#8221;true&#8221; ib_title=&#8221;Qualit\u00e9&#8221; ib_content=&#8221;Fort de notre exp\u00e9rience cumul\u00e9e de plus de 30 ans dans la production d l&#8217;encre industrielle destin\u00e9e aux imprimeries ,<br \/>\nNotre bureau d\u2019\u00e9tudes vous accompagne continuellement dans vos projets&#8221; custom_icon_color=&#8221;true&#8221; custom_icon_size=&#8221;50&#8243;][wgl_spacing spacer_size=&#8221;10&#8243;][wgl_info_box ib_type=&#8221;tile&#8221; icon_type=&#8221;font&#8221; icon_font_type=&#8221;type_flaticon&#8221; icon_flaticon=&#8221;flaticon-check-1&#8243; add_shadow=&#8221;true&#8221; ib_title=&#8221;D\u00e9veloppement et durabilit\u00e9&#8221; ib_content=&#8221;Notre \u00e9quipe de travail est investie non seulement \u00e0 la qualit\u00e9 des produits, mais aussi pour une meilleure ma\u00eetrise d&#8217;efficacit\u00e9 ainsi que pour une durabilit\u00e9 de nos produits&#8221; custom_icon_color=&#8221;true&#8221; custom_icon_size=&#8221;50&#8243;][\/vc_column_inner][vc_column_inner width=&#8221;1\/2&#8243;][wgl_info_box ib_type=&#8221;tile&#8221; icon_type=&#8221;font&#8221; icon_font_type=&#8221;type_flaticon&#8221; icon_flaticon=&#8221;flaticon-check-1&#8243; add_shadow=&#8221;true&#8221; ib_title=&#8221;Satisfaction des clients&#8221; ib_content=&#8221;Offrir des solutions qui r\u00e9pondent aux attentes de nos clients, par la communication, par notre capacit\u00e9 de r\u00e9agir et par la livraison ponctuelle de produits de haute qualit\u00e9 et de services fiables.&#8221; custom_icon_color=&#8221;true&#8221; custom_icon_size=&#8221;50&#8243;][wgl_spacing spacer_size=&#8221;10&#8243;][wgl_info_box ib_type=&#8221;tile&#8221; icon_type=&#8221;font&#8221; icon_font_type=&#8221;type_flaticon&#8221; icon_flaticon=&#8221;flaticon-check-1&#8243; add_shadow=&#8221;true&#8221; ib_title=&#8221;Exigence&#8221; ib_content=&#8221;d\u2019une grande exp\u00e9rience dans les r\u00e9alisations Industrielles, notre \u00e9quipe vous accompagnent pour tous vos travaux de m\u00e9tallurgie et Chaudronnerie, et la conception m\u00e9tallique Nous sommes tr\u00e8s exigeants sur la qualit\u00e9 de nos travaux et essayons de nous entourer de professionnels&#8221; custom_icon_color=&#8221;true&#8221; custom_icon_size=&#8221;50&#8243;][\/vc_column_inner][\/vc_row_inner][wgl_spacing spacer_size=&#8221;109&#8243;][\/vc_column][\/vc_row][vc_row][vc_column css=&#8221;.vc_custom_1539783183128{padding-top: 0px !important;}&#8221; offset=&#8221;vc_col-md-3&#8243;][wgl_double_headings title_color=&#8221;#232323&#8243; subtitle_color=&#8221;#1c2c6a&#8221; bgtitle_color=&#8221;#f3f3f3&#8243; subtitle=&#8221;`{`R\u00e9f\u00e9rences`}`&#8221; bgtitle=&#8221;R\u00c9F\u00c9RENCES&#8221; bg_responsive_font=&#8221;true&#8221; bg_font_size_mobile=&#8221;60&#8243;][\/vc_column][vc_column css=&#8221;.vc_custom_1539781469729{padding-top: 0px !important;}&#8221; offset=&#8221;vc_col-lg-6 vc_col-md-7&#8243;][wgl_spacing spacer_size=&#8221;25px&#8221; screen_desktops=&#8221;992&#8243; responsive_desktop=&#8221;true&#8221; size_desktops=&#8221;22&#8243;][\/vc_column][vc_column offset=&#8221;vc_col-lg-offset-1 vc_col-md-2&#8243; css=&#8221;.vc_custom_1539781728461{padding-top: 0px !important;}&#8221;][wgl_spacing spacer_size=&#8221;82px&#8221; screen_desktops=&#8221;992&#8243; responsive_desktop=&#8221;true&#8221; size_desktops=&#8221;31&#8243;][wgl_button button_text=&#8221;View All&#8221; align=&#8221;right&#8221; shadow_style=&#8221;on_hover&#8221; customize=&#8221;color&#8221; text_color=&#8221;#313131&#8243; text_color_hover=&#8221;#ffffff&#8221; bg_color=&#8221;#ffffff&#8221; bg_color_hover=&#8221;#7c529c&#8221; border_color=&#8221;#7c529c&#8221; border_color_hover=&#8221;#7c529c&#8221; link=&#8221;url:http%3A%2F%2Fvitreriehachourkarim.com%2Fportfolio%2F|||&#8221;][\/vc_column][\/vc_row][vc_row][vc_column width=&#8221;1\/5&#8243;][vc_single_image image=&#8221;3653&#8243; img_size=&#8221;full&#8221; alignment=&#8221;center&#8221;][\/vc_column][vc_column width=&#8221;1\/5&#8243;][vc_single_image image=&#8221;3659&#8243; img_size=&#8221;full&#8221; alignment=&#8221;center&#8221;][\/vc_column][vc_column width=&#8221;1\/5&#8243;][vc_single_image image=&#8221;3658&#8243; img_size=&#8221;full&#8221; alignment=&#8221;center&#8221;][\/vc_column][vc_column width=&#8221;1\/5&#8243;][vc_single_image image=&#8221;3656&#8243; img_size=&#8221;full&#8221; alignment=&#8221;center&#8221;][\/vc_column][vc_column width=&#8221;1\/5&#8243;][vc_single_image image=&#8221;3655&#8243; img_size=&#8221;full&#8221; alignment=&#8221;center&#8221;][\/vc_column][\/vc_row][vc_row css=&#8221;.vc_custom_1686246057066{margin-right: 15% !important;margin-left: 15% !important;}&#8221;][vc_column width=&#8221;1\/4&#8243;][vc_single_image image=&#8221;3654&#8243; img_size=&#8221;full&#8221; alignment=&#8221;center&#8221;][\/vc_column][vc_column width=&#8221;1\/4&#8243;][vc_single_image image=&#8221;3652&#8243; img_size=&#8221;full&#8221; alignment=&#8221;center&#8221;][\/vc_column][vc_column width=&#8221;1\/4&#8243;][vc_single_image image=&#8221;3651&#8243; img_size=&#8221;full&#8221; alignment=&#8221;center&#8221;][\/vc_column][vc_column width=&#8221;1\/4&#8243;][vc_single_image image=&#8221;3650&#8243; img_size=&#8221;full&#8221; alignment=&#8221;center&#8221;][\/vc_column][\/vc_row][vc_row css=&#8221;.vc_custom_1686246074387{padding-right: 7.5% !important;padding-left: 7.5% !important;}&#8221;][vc_column width=&#8221;1\/5&#8243;][\/vc_column][vc_column width=&#8221;1\/5&#8243;][vc_single_image image=&#8221;3648&#8243; img_size=&#8221;full&#8221; alignment=&#8221;center&#8221;][\/vc_column][vc_column width=&#8221;1\/5&#8243;][vc_single_image image=&#8221;3649&#8243; img_size=&#8221;full&#8221; alignment=&#8221;center&#8221;][\/vc_column][vc_column width=&#8221;1\/5&#8243;][vc_single_image image=&#8221;3647&#8243; img_size=&#8221;full&#8221; alignment=&#8221;center&#8221;][\/vc_column][vc_column width=&#8221;1\/5&#8243;][\/vc_column][\/vc_row][vc_row][vc_column][wgl_spacing spacer_size=&#8221;55px&#8221;][\/vc_column][\/vc_row]\n<\/div>","protected":false},"excerpt":{"rendered":"<p>[vc_row full_width=&#8221;stretch_row_content_no_spaces&#8221; css=&#8221;.vc_custom_1673217358439{margin-top: -40px !important;}&#8221;][vc_column css=&#8221;.vc_custom_1540281434209{padding-top: 0px !important;}&#8221;][wgl_spacing spacer_size=&#8221;95px&#8221;][wgl_spacing spacer_size=&#8221;50px&#8221;][\/vc_column][\/vc_row][vc_row equal_height=&#8221;yes&#8221; content_placement=&#8221;middle&#8221;][vc_column offset=&#8221;vc_col-md-5&#8243; el_id=&#8221;titre-sarl&#8221;][wgl_double_headings title_weight=&#8221;400&#8243; title_color=&#8221;#232323&#8243; subtitle_color=&#8221;#1c2c6a&#8221; bgtitle_size=&#8221;85px&#8221; bgtitle_color=&#8221;#f3f3f3&#8243; title=&#8221;ENIMPRESS&#8221; subtitle=&#8221;`{`\u00c0 propos de nous`}`&#8221; bgtitle=&#8221;\u00c0 PROPOS&#8221; responsive_font=&#8221;true&#8221; font_size_mobile=&#8221;36&#8243; bg_responsive_font=&#8221;true&#8221; bg_font_size_mobile=&#8221;75&#8243;][wgl_spacing spacer_size=&#8221;30px&#8221;][vc_column_text]ENIMPRESS est une soci\u00e9t\u00e9 alg\u00e9rienne \u00e0 responsabilit\u00e9 limit\u00e9e de droit E.U.R.L, fond\u00e9e en 1990 par Monsieur MSESIBAH Abderaouf et Monsieur LAHOUEL Lakhder Notre sp\u00e9cialit\u00e9 est [&hellip;]<\/p>\n","protected":false},"author":1,"featured_media":0,"parent":0,"menu_order":0,"comment_status":"closed","ping_status":"closed","template":"","meta":{"footnotes":""},"class_list":["post-3724","page","type-page","status-publish","hentry"],"_links":{"self":[{"href":"https:\/\/soudinox-dz.com\/lab\/wp-json\/wp\/v2\/pages\/3724"}],"collection":[{"href":"https:\/\/soudinox-dz.com\/lab\/wp-json\/wp\/v2\/pages"}],"about":[{"href":"https:\/\/soudinox-dz.com\/lab\/wp-json\/wp\/v2\/types\/page"}],"author":[{"embeddable":true,"href":"https:\/\/soudinox-dz.com\/lab\/wp-json\/wp\/v2\/users\/1"}],"replies":[{"embeddable":true,"href":"https:\/\/soudinox-dz.com\/lab\/wp-json\/wp\/v2\/comments?post=3724"}],"version-history":[{"count":2,"href":"https:\/\/soudinox-dz.com\/lab\/wp-json\/wp\/v2\/pages\/3724\/revisions"}],"predecessor-version":[{"id":3726,"href":"https:\/\/soudinox-dz.com\/lab\/wp-json\/wp\/v2\/pages\/3724\/revisions\/3726"}],"wp:attachment":[{"href":"https:\/\/soudinox-dz.com\/lab\/wp-json\/wp\/v2\/media?parent=3724"}],"curies":[{"name":"wp","href":"https:\/\/api.w.org\/{rel}","templated":true}]}}